{"id":100,"date":"2014-03-07T20:32:31","date_gmt":"2014-03-07T20:32:31","guid":{"rendered":"http:\/\/can-ev.soloxis-web.de\/?page_id=100"},"modified":"2024-02-20T17:16:06","modified_gmt":"2024-02-20T17:16:06","slug":"erlebnis-lkw","status":"publish","type":"page","link":"https:\/\/www.can-ev.de\/?page_id=100","title":{"rendered":"Kistenklettern"},"content":{"rendered":"<h2>\u00a0<\/h2>\n<p>Kistenklettern fast \u00fcberall! Sicher\u00a0und\u00a0erlebnisreich.<\/p>\n<p>Wer schafft es, die meisten Kisten aufeinanderzustapeln, bevor der Kistenturm ins Wanken ger\u00e4t und umf\u00e4llt? Neben den F\u00e4higkeiten zur K\u00f6rperbalance, Koordination und Vertrauen, werden das Wagnis und der Mut der Kistenstapler auf die Probe gestellt.<\/p>\n\n\n<figure class=\"wp-block-image size-large\"><img loading=\"lazy\" decoding=\"async\" width=\"1024\" height=\"683\" src=\"https:\/\/www.can-ev.de\/wp-content\/uploads\/2014\/03\/kk-1024x683.jpg\" alt=\"\" class=\"wp-image-407\" srcset=\"https:\/\/www.can-ev.de\/wp-content\/uploads\/2014\/03\/kk-1024x683.jpg 1024w, https:\/\/www.can-ev.de\/wp-content\/uploads\/2014\/03\/kk-300x200.jpg 300w, https:\/\/www.can-ev.de\/wp-content\/uploads\/2014\/03\/kk.jpg 2048w\" sizes=\"auto, (max-width: 1024px) 100vw, 1024px\" \/><\/figure>\n","protected":false},"excerpt":{"rendered":"<p>\u00a0 Kistenklettern fast \u00fcberall! Sicher\u00a0und\u00a0erlebnisreich. Wer schafft es, die meisten Kisten aufeinanderzustapeln, bevor der Kistenturm ins Wanken ger\u00e4t und umf\u00e4llt? Neben den F\u00e4higkeiten zur K\u00f6rperbalance, Koordination und Vertrauen, werden das Wagnis und der Mut der Kistenstapler auf die Probe gestellt.<\/p>\n","protected":false},"author":1,"featured_media":0,"parent":19,"menu_order":0,"comment_status":"closed","ping_status":"closed","template":"","meta":{"footnotes":""},"class_list":["post-100","page","type-page","status-publish","hentry"],"_links":{"self":[{"href":"https:\/\/www.can-ev.de\/index.php?rest_route=\/wp\/v2\/pages\/100","targetHints":{"allow":["GET"]}}],"collection":[{"href":"https:\/\/www.can-ev.de\/index.php?rest_route=\/wp\/v2\/pages"}],"about":[{"href":"https:\/\/www.can-ev.de\/index.php?rest_route=\/wp\/v2\/types\/page"}],"author":[{"embeddable":true,"href":"https:\/\/www.can-ev.de\/index.php?rest_route=\/wp\/v2\/users\/1"}],"replies":[{"embeddable":true,"href":"https:\/\/www.can-ev.de\/index.php?rest_route=%2Fwp%2Fv2%2Fcomments&post=100"}],"version-history":[{"count":8,"href":"https:\/\/www.can-ev.de\/index.php?rest_route=\/wp\/v2\/pages\/100\/revisions"}],"predecessor-version":[{"id":996,"href":"https:\/\/www.can-ev.de\/index.php?rest_route=\/wp\/v2\/pages\/100\/revisions\/996"}],"up":[{"embeddable":true,"href":"https:\/\/www.can-ev.de\/index.php?rest_route=\/wp\/v2\/pages\/19"}],"wp:attachment":[{"href":"https:\/\/www.can-ev.de\/index.php?rest_route=%2Fwp%2Fv2%2Fmedia&parent=100"}],"curies":[{"name":"wp","href":"https:\/\/api.w.org\/{rel}","templated":true}]}}