{"id":118,"date":"2014-03-07T20:42:14","date_gmt":"2014-03-07T20:42:14","guid":{"rendered":"http:\/\/can-ev.soloxis-web.de\/?page_id=118"},"modified":"2025-07-22T05:57:45","modified_gmt":"2025-07-22T05:57:45","slug":"klassenfahrten-in-norddeutschland","status":"publish","type":"page","link":"https:\/\/www.can-ev.de\/?page_id=118","title":{"rendered":"Klassenfahrten in Norddeutschland"},"content":{"rendered":"<p><img loading=\"lazy\" decoding=\"async\" class=\"alignright size-full wp-image-335\" src=\"http:\/\/can-ev.de\/wp-content\/uploads\/2014\/03\/gal-1181902382-pic1.jpg\" alt=\"gal-1181902382-pic1\" width=\"256\" height=\"170\" \/><\/p>\n<p>Unsere Kanuklassenfahrten werden von p\u00e4dagogisch geschulten Kanuten begleitet. Ausgearbeitete Tourenvorschl\u00e4ge oder die Umsetzung Ihrer Ideen realisieren wir f\u00fcr Sie.<\/p>\n<p>Zum Beispiel :<\/p>\n<p>Kanu- &amp; Fahrradtouren in der L\u00fcneburger Heide<\/p>\n<p>* 2 Tage Kanutour auf der B\u00f6hme<br \/>\n* Fahrradtouren durch Felder &amp; W\u00e4lder<br \/>\n* Natur erleben &amp; verstehen<br \/>\n* Sport &amp; Gruppenerlebnisse<br \/>\n* Unterbringung im Jugendg\u00e4stehaus mit Vollverpflegung in Fallingbostel oder in Zelten direkt am Flu\u00df<br \/>\nWir erstellen Ihnen gerne ein Angebot. Schicken Sie uns eine <a href=\"mailto:info@can-ev.de\" target=\"_self\" rel=\"noopener\">eMail<\/a>.<\/p>\n","protected":false},"excerpt":{"rendered":"<p>Unsere Kanuklassenfahrten werden von p\u00e4dagogisch geschulten Kanuten begleitet. Ausgearbeitete Tourenvorschl\u00e4ge oder die Umsetzung Ihrer Ideen realisieren wir f\u00fcr Sie. Zum Beispiel : Kanu- &amp; Fahrradtouren in der L\u00fcneburger Heide * 2 Tage Kanutour auf der B\u00f6hme * Fahrradtouren durch Felder &hellip;<\/p>\n<p class=\"read-more\"> <a class=\"more-link\" href=\"https:\/\/www.can-ev.de\/?page_id=118\"> <span class=\"screen-reader-text\">Klassenfahrten in Norddeutschland<\/span> Read More &raquo;<\/a><\/p>\n","protected":false},"author":1,"featured_media":0,"parent":66,"menu_order":0,"comment_status":"closed","ping_status":"closed","template":"","meta":{"footnotes":""},"class_list":["post-118","page","type-page","status-publish","hentry"],"_links":{"self":[{"href":"https:\/\/www.can-ev.de\/index.php?rest_route=\/wp\/v2\/pages\/118","targetHints":{"allow":["GET"]}}],"collection":[{"href":"https:\/\/www.can-ev.de\/index.php?rest_route=\/wp\/v2\/pages"}],"about":[{"href":"https:\/\/www.can-ev.de\/index.php?rest_route=\/wp\/v2\/types\/page"}],"author":[{"embeddable":true,"href":"https:\/\/www.can-ev.de\/index.php?rest_route=\/wp\/v2\/users\/1"}],"replies":[{"embeddable":true,"href":"https:\/\/www.can-ev.de\/index.php?rest_route=%2Fwp%2Fv2%2Fcomments&post=118"}],"version-history":[{"count":5,"href":"https:\/\/www.can-ev.de\/index.php?rest_route=\/wp\/v2\/pages\/118\/revisions"}],"predecessor-version":[{"id":1025,"href":"https:\/\/www.can-ev.de\/index.php?rest_route=\/wp\/v2\/pages\/118\/revisions\/1025"}],"up":[{"embeddable":true,"href":"https:\/\/www.can-ev.de\/index.php?rest_route=\/wp\/v2\/pages\/66"}],"wp:attachment":[{"href":"https:\/\/www.can-ev.de\/index.php?rest_route=%2Fwp%2Fv2%2Fmedia&parent=118"}],"curies":[{"name":"wp","href":"https:\/\/api.w.org\/{rel}","templated":true}]}}