{"id":17,"date":"2014-03-06T15:25:37","date_gmt":"2014-03-06T15:25:37","guid":{"rendered":"http:\/\/can-ev.soloxis-web.de\/?page_id=17"},"modified":"2019-11-19T08:22:56","modified_gmt":"2019-11-19T08:22:56","slug":"die-mobilen-kletterwaende-fuer-norddeutschland","status":"publish","type":"page","link":"https:\/\/www.can-ev.de\/?page_id=17","title":{"rendered":"Die mobile Kletterwand f\u00fcr Norddeutschland"},"content":{"rendered":"\n<p>Der Berg kommt zu Euch! Die T\u00dcV-gepr\u00fcfte und besonders preiswerte 7 Meter mobile Kletterwand ist bei kleinen als auch bei gro\u00dfen Veranstaltungen ein Eyecatcher und zieht viele Personen an.<\/p>\n\n\n\n<p>Auch hier werden den Teilnehmern\nunterschiedliche F\u00e4higkeiten abverlangt, die neue und nicht allt\u00e4gliche\nBewegungserfahrungen zulassen. \u00dcberwindung von H\u00f6hen, K\u00f6rperspannung, Kraft,\nVertrauen und Mut geh\u00f6ren beim Klettern dazu. <\/p>\n\n\n\n<p>Kurze Auf- und Abbauzeiten sowie\neine kompetente Betreuung vor Ort werden gew\u00e4hrleistet.<\/p>\n\n\n\n<div class=\"wp-block-image\"><figure class=\"alignright\"><img loading=\"lazy\" decoding=\"async\" width=\"435\" height=\"290\" src=\"https:\/\/www.can-ev.de\/wp-content\/uploads\/2014\/03\/kw.png\" alt=\"\" class=\"wp-image-423\" srcset=\"https:\/\/www.can-ev.de\/wp-content\/uploads\/2014\/03\/kw.png 435w, https:\/\/www.can-ev.de\/wp-content\/uploads\/2014\/03\/kw-300x200.png 300w\" sizes=\"auto, (max-width: 435px) 100vw, 435px\" \/><\/figure><\/div>\n","protected":false},"excerpt":{"rendered":"<p>Der Berg kommt zu Euch! Die T\u00dcV-gepr\u00fcfte und besonders preiswerte 7 Meter mobile Kletterwand ist bei kleinen als auch bei gro\u00dfen Veranstaltungen ein Eyecatcher und zieht viele Personen an. Auch hier werden den Teilnehmern unterschiedliche F\u00e4higkeiten abverlangt, die neue und &hellip;<\/p>\n<p class=\"read-more\"> <a class=\"more-link\" href=\"https:\/\/www.can-ev.de\/?page_id=17\"> <span class=\"screen-reader-text\">Die mobile Kletterwand f\u00fcr Norddeutschland<\/span> Read More &raquo;<\/a><\/p>\n","protected":false},"author":1,"featured_media":0,"parent":19,"menu_order":0,"comment_status":"closed","ping_status":"closed","template":"","meta":{"footnotes":""},"class_list":["post-17","page","type-page","status-publish","hentry"],"_links":{"self":[{"href":"https:\/\/www.can-ev.de\/index.php?rest_route=\/wp\/v2\/pages\/17","targetHints":{"allow":["GET"]}}],"collection":[{"href":"https:\/\/www.can-ev.de\/index.php?rest_route=\/wp\/v2\/pages"}],"about":[{"href":"https:\/\/www.can-ev.de\/index.php?rest_route=\/wp\/v2\/types\/page"}],"author":[{"embeddable":true,"href":"https:\/\/www.can-ev.de\/index.php?rest_route=\/wp\/v2\/users\/1"}],"replies":[{"embeddable":true,"href":"https:\/\/www.can-ev.de\/index.php?rest_route=%2Fwp%2Fv2%2Fcomments&post=17"}],"version-history":[{"count":10,"href":"https:\/\/www.can-ev.de\/index.php?rest_route=\/wp\/v2\/pages\/17\/revisions"}],"predecessor-version":[{"id":946,"href":"https:\/\/www.can-ev.de\/index.php?rest_route=\/wp\/v2\/pages\/17\/revisions\/946"}],"up":[{"embeddable":true,"href":"https:\/\/www.can-ev.de\/index.php?rest_route=\/wp\/v2\/pages\/19"}],"wp:attachment":[{"href":"https:\/\/www.can-ev.de\/index.php?rest_route=%2Fwp%2Fv2%2Fmedia&parent=17"}],"curies":[{"name":"wp","href":"https:\/\/api.w.org\/{rel}","templated":true}]}}