{"id":454,"date":"2015-01-19T14:13:00","date_gmt":"2015-01-19T14:13:00","guid":{"rendered":"http:\/\/can-ev.soloxis-web.de\/?page_id=454"},"modified":"2019-01-23T10:52:45","modified_gmt":"2019-01-23T10:52:45","slug":"human-soccer","status":"publish","type":"page","link":"https:\/\/www.can-ev.de\/?page_id=454","title":{"rendered":"Human Soccer"},"content":{"rendered":"<p><a href=\"http:\/\/can-ev.de\/wp-content\/uploads\/2015\/01\/HS2.jpg\"><img loading=\"lazy\" decoding=\"async\" class=\" size-medium wp-image-643 alignleft\" src=\"http:\/\/can-ev.de\/wp-content\/uploads\/2015\/01\/HS2-300x200.jpg\" alt=\"HS2\" width=\"300\" height=\"200\" srcset=\"https:\/\/www.can-ev.de\/wp-content\/uploads\/2015\/01\/HS2-300x200.jpg 300w, https:\/\/www.can-ev.de\/wp-content\/uploads\/2015\/01\/HS2-451x300.jpg 451w, https:\/\/www.can-ev.de\/wp-content\/uploads\/2015\/01\/HS2.jpg 640w\" sizes=\"auto, (max-width: 300px) 100vw, 300px\" \/><\/a><\/p>\n<p>Die 8 x 14 Meter gro\u00dfe Spielfl\u00e4che erm\u00f6glicht kleinen und gro\u00dfen Fu\u00dfballspielern ein abwechslungsreiches und unvergessliches Spiel. Der Human Soccer, auch bekannt als Lebendkicker, Menschenkicker oder Human Table Soccer, stellt eine Steigerung des herk\u00f6mmlichen Tischkickers dar, bei dem die teilnehmenden Personen die Rolle der Kickerfiguren \u00fcbernehmen. Ausgetragen wird das Match in einem Feld, welches von einem aufblasbaren Rahmen und zwei Toren umgeben ist. Die Personen sind dabei an Seilen fixiert und haben dadurch einen eingeschr\u00e4nkten Bewegungsradius. Das fu\u00dfballerische K\u00f6nnen steht daher nicht im Mittelpunkt und stellt kein Muss dar, um erfolgreich zu sein. Spa\u00df und Teamgeist stehen beim Human Soccer an erster Stelle.<\/p>\n","protected":false},"excerpt":{"rendered":"<p>Die 8 x 14 Meter gro\u00dfe Spielfl\u00e4che erm\u00f6glicht kleinen und gro\u00dfen Fu\u00dfballspielern ein abwechslungsreiches und unvergessliches Spiel. Der Human Soccer, auch bekannt als Lebendkicker, Menschenkicker oder Human Table Soccer, stellt eine Steigerung des herk\u00f6mmlichen Tischkickers dar, bei dem die teilnehmenden &hellip;<\/p>\n<p class=\"read-more\"> <a class=\"more-link\" href=\"https:\/\/www.can-ev.de\/?page_id=454\"> <span class=\"screen-reader-text\">Human Soccer<\/span> Read More &raquo;<\/a><\/p>\n","protected":false},"author":3,"featured_media":0,"parent":19,"menu_order":0,"comment_status":"closed","ping_status":"closed","template":"","meta":{"footnotes":""},"class_list":["post-454","page","type-page","status-publish","hentry"],"_links":{"self":[{"href":"https:\/\/www.can-ev.de\/index.php?rest_route=\/wp\/v2\/pages\/454","targetHints":{"allow":["GET"]}}],"collection":[{"href":"https:\/\/www.can-ev.de\/index.php?rest_route=\/wp\/v2\/pages"}],"about":[{"href":"https:\/\/www.can-ev.de\/index.php?rest_route=\/wp\/v2\/types\/page"}],"author":[{"embeddable":true,"href":"https:\/\/www.can-ev.de\/index.php?rest_route=\/wp\/v2\/users\/3"}],"replies":[{"embeddable":true,"href":"https:\/\/www.can-ev.de\/index.php?rest_route=%2Fwp%2Fv2%2Fcomments&post=454"}],"version-history":[{"count":3,"href":"https:\/\/www.can-ev.de\/index.php?rest_route=\/wp\/v2\/pages\/454\/revisions"}],"predecessor-version":[{"id":861,"href":"https:\/\/www.can-ev.de\/index.php?rest_route=\/wp\/v2\/pages\/454\/revisions\/861"}],"up":[{"embeddable":true,"href":"https:\/\/www.can-ev.de\/index.php?rest_route=\/wp\/v2\/pages\/19"}],"wp:attachment":[{"href":"https:\/\/www.can-ev.de\/index.php?rest_route=%2Fwp%2Fv2%2Fmedia&parent=454"}],"curies":[{"name":"wp","href":"https:\/\/api.w.org\/{rel}","templated":true}]}}