{"id":6,"date":"2014-03-06T15:11:11","date_gmt":"2014-03-06T15:11:11","guid":{"rendered":"http:\/\/can-ev.soloxis-web.de\/?page_id=6"},"modified":"2019-02-13T07:36:44","modified_gmt":"2019-02-13T07:36:44","slug":"wir-ueber-uns","status":"publish","type":"page","link":"https:\/\/www.can-ev.de\/?page_id=6","title":{"rendered":"wir \u00fcber uns"},"content":{"rendered":"<p><b>wir wollen<\/b><\/p>\n<ul>\n<li>das jeder Freizeit von der ersten Minute an hat<\/li>\n<li>Neues ausprobieren<\/li>\n<li>mit Euch zusammenarbeiten<\/li>\n<\/ul>\n<p><b>wir bieten<\/b><\/p>\n<ul>\n<li>spannende und erlebnisreiche Freizeiten<\/li>\n<li>Erfahrung und Kompetenz<\/li>\n<li>Ausr\u00fcstung und Material<\/li>\n<\/ul>\n<p><b>wir haben<\/b><\/p>\n<ul>\n<li>viele Ideen<\/li>\n<li>ein offenes Ohr f\u00fcr die G\u00e4ste<\/li>\n<li>jedes Jahr etwas neues<\/li>\n<\/ul>\n<div align=\"center\">\u00a0<\/div>\n<p>Als Spezialist f\u00fcr die Durchf\u00fchrung von Jugendreisen geh\u00f6ren neben vielf\u00e4ltigen Aktivit\u00e4ten in und um Hannover Fahrten nach S\u00fcdfrankreich zum Angebot von CAN e.V..<\/p>\n<div>\u00a0<\/div>\n<p>Dabei handelt es sich um Bildungs- und Erlebnisreisen f\u00fcr Kinder- &amp; Jugendgruppen, mit dem Ziel, eine sinnvolle und attraktive Freizeitgestaltung zu realisieren, die es erm\u00f6glicht, gemeinsam neue Erfahrungen im Umgang miteinander und mit der Natur zu sammeln.<br \/>Im Vordergrund stehen hierbei erlebnisorientierte und naturverbundene Aktivit\u00e4ten, (insbesondere Kanu- und Klettertouren), bei denen Gruppenerfahrungen gesammelt werden und individuelle Lernprozesse (z.B. Grenzerfahrungen, soziales Lernen, K\u00f6rpererfahrung) gef\u00f6rdert werden.<\/p>\n<p>CAN e.V. steht f\u00fcr die Arbeit ein fachlich kompetentes Team von Kanu- &amp; Kletterlehrern, Reiseleiter und P\u00e4dagogen zur Verf\u00fcgung.<\/p>\n<div align=\"center\"><b><a href=\"https:\/\/integration.dosb.de\/\" target=\"_blank\" rel=\"noopener\"><img loading=\"lazy\" decoding=\"async\" class=\"alignright wp-image-917 size-medium\" src=\"https:\/\/www.can-ev.de\/wp-content\/uploads\/Button_Stuetzpunktverein_Farbe-180x300.png\" alt=\"\" width=\"180\" height=\"300\" srcset=\"https:\/\/www.can-ev.de\/wp-content\/uploads\/Button_Stuetzpunktverein_Farbe-180x300.png 180w, https:\/\/www.can-ev.de\/wp-content\/uploads\/Button_Stuetzpunktverein_Farbe-90x150.png 90w, https:\/\/www.can-ev.de\/wp-content\/uploads\/Button_Stuetzpunktverein_Farbe.png 385w\" sizes=\"auto, (max-width: 180px) 100vw, 180px\" \/><\/a><\/b><\/div>\n\n\n<figure class=\"wp-block-image\"><img loading=\"lazy\" decoding=\"async\" width=\"640\" height=\"262\" src=\"https:\/\/www.can-ev.de\/wp-content\/uploads\/team.jpg\" alt=\"\" class=\"wp-image-908\" srcset=\"https:\/\/www.can-ev.de\/wp-content\/uploads\/team.jpg 640w, https:\/\/www.can-ev.de\/wp-content\/uploads\/team-150x61.jpg 150w, https:\/\/www.can-ev.de\/wp-content\/uploads\/team-300x123.jpg 300w, https:\/\/www.can-ev.de\/wp-content\/uploads\/team-500x205.jpg 500w\" sizes=\"auto, (max-width: 640px) 100vw, 640px\" \/><\/figure>\n","protected":false},"excerpt":{"rendered":"<p>wir wollen das jeder Freizeit von der ersten Minute an hat Neues ausprobieren mit Euch zusammenarbeiten wir bieten spannende und erlebnisreiche Freizeiten Erfahrung und Kompetenz Ausr\u00fcstung und Material wir haben viele Ideen ein offenes Ohr f\u00fcr die G\u00e4ste jedes Jahr &hellip;<\/p>\n<p class=\"read-more\"> <a class=\"more-link\" href=\"https:\/\/www.can-ev.de\/?page_id=6\"> <span class=\"screen-reader-text\">wir \u00fcber uns<\/span> Read More &raquo;<\/a><\/p>\n","protected":false},"author":1,"featured_media":0,"parent":8,"menu_order":0,"comment_status":"closed","ping_status":"closed","template":"","meta":{"footnotes":""},"class_list":["post-6","page","type-page","status-publish","hentry"],"_links":{"self":[{"href":"https:\/\/www.can-ev.de\/index.php?rest_route=\/wp\/v2\/pages\/6","targetHints":{"allow":["GET"]}}],"collection":[{"href":"https:\/\/www.can-ev.de\/index.php?rest_route=\/wp\/v2\/pages"}],"about":[{"href":"https:\/\/www.can-ev.de\/index.php?rest_route=\/wp\/v2\/types\/page"}],"author":[{"embeddable":true,"href":"https:\/\/www.can-ev.de\/index.php?rest_route=\/wp\/v2\/users\/1"}],"replies":[{"embeddable":true,"href":"https:\/\/www.can-ev.de\/index.php?rest_route=%2Fwp%2Fv2%2Fcomments&post=6"}],"version-history":[{"count":10,"href":"https:\/\/www.can-ev.de\/index.php?rest_route=\/wp\/v2\/pages\/6\/revisions"}],"predecessor-version":[{"id":971,"href":"https:\/\/www.can-ev.de\/index.php?rest_route=\/wp\/v2\/pages\/6\/revisions\/971"}],"up":[{"embeddable":true,"href":"https:\/\/www.can-ev.de\/index.php?rest_route=\/wp\/v2\/pages\/8"}],"wp:attachment":[{"href":"https:\/\/www.can-ev.de\/index.php?rest_route=%2Fwp%2Fv2%2Fmedia&parent=6"}],"curies":[{"name":"wp","href":"https:\/\/api.w.org\/{rel}","templated":true}]}}