{"id":66,"date":"2014-03-07T19:46:27","date_gmt":"2014-03-07T19:46:27","guid":{"rendered":"http:\/\/can-ev.soloxis-web.de\/?page_id=66"},"modified":"2020-03-09T07:06:16","modified_gmt":"2020-03-09T07:06:16","slug":"kanutouren-und-reisen","status":"publish","type":"page","link":"https:\/\/www.can-ev.de\/?page_id=66","title":{"rendered":"Kanutouren und Jugendgruppenreisen"},"content":{"rendered":"<div style=\"text-align: left;\" align=\"center\"><img loading=\"lazy\" decoding=\"async\" class=\"alignright size-medium wp-image-220\" src=\"http:\/\/can-ev.de\/wp-content\/uploads\/2014\/03\/gal-1228126811-pic15-300x200.jpg\" alt=\"gal-1228126811-pic15\" width=\"300\" height=\"200\" srcset=\"https:\/\/www.can-ev.de\/wp-content\/uploads\/2014\/03\/gal-1228126811-pic15-300x200.jpg 300w, https:\/\/www.can-ev.de\/wp-content\/uploads\/2014\/03\/gal-1228126811-pic15.jpg 400w\" sizes=\"auto, (max-width: 300px) 100vw, 300px\" \/>Seit 1994 realisieren wir Kanutouren f\u00fcr Jugendgruppen und Schulklassen auf Fl\u00fcssen &amp; Seen in Hannover, Norddeutschland &amp; S\u00fcdfrankreich.<\/div>\n<div style=\"text-align: left;\" align=\"center\">Rufen Sie uns an (05105 80 99 46) oder schicken Sie uns eine <a href=\"mailto:info@can-ev.de\">eMail<\/a>.<\/div>\n","protected":false},"excerpt":{"rendered":"<p>Seit 1994 realisieren wir Kanutouren f\u00fcr Jugendgruppen und Schulklassen auf Fl\u00fcssen &amp; Seen in Hannover, Norddeutschland &amp; S\u00fcdfrankreich. Rufen Sie uns an (05105 80 99 46) oder schicken Sie uns eine eMail.<\/p>\n","protected":false},"author":1,"featured_media":0,"parent":0,"menu_order":0,"comment_status":"closed","ping_status":"closed","template":"","meta":{"footnotes":""},"class_list":["post-66","page","type-page","status-publish","hentry"],"_links":{"self":[{"href":"https:\/\/www.can-ev.de\/index.php?rest_route=\/wp\/v2\/pages\/66","targetHints":{"allow":["GET"]}}],"collection":[{"href":"https:\/\/www.can-ev.de\/index.php?rest_route=\/wp\/v2\/pages"}],"about":[{"href":"https:\/\/www.can-ev.de\/index.php?rest_route=\/wp\/v2\/types\/page"}],"author":[{"embeddable":true,"href":"https:\/\/www.can-ev.de\/index.php?rest_route=\/wp\/v2\/users\/1"}],"replies":[{"embeddable":true,"href":"https:\/\/www.can-ev.de\/index.php?rest_route=%2Fwp%2Fv2%2Fcomments&post=66"}],"version-history":[{"count":12,"href":"https:\/\/www.can-ev.de\/index.php?rest_route=\/wp\/v2\/pages\/66\/revisions"}],"predecessor-version":[{"id":955,"href":"https:\/\/www.can-ev.de\/index.php?rest_route=\/wp\/v2\/pages\/66\/revisions\/955"}],"wp:attachment":[{"href":"https:\/\/www.can-ev.de\/index.php?rest_route=%2Fwp%2Fv2%2Fmedia&parent=66"}],"curies":[{"name":"wp","href":"https:\/\/api.w.org\/{rel}","templated":true}]}}