{"id":706,"date":"2016-07-09T07:10:42","date_gmt":"2016-07-09T07:10:42","guid":{"rendered":"http:\/\/can-ev.de\/?page_id=706"},"modified":"2019-01-23T10:51:46","modified_gmt":"2019-01-23T10:51:46","slug":"bubble-soccer","status":"publish","type":"page","link":"https:\/\/www.can-ev.de\/?page_id=706","title":{"rendered":"Bubble Soccer"},"content":{"rendered":"<div class=\"headline-wrapper\">\n<h2 class=\"headline2\"><\/h2>\n<\/div>\n<div class=\"text-wrapper\">\n<p><img loading=\"lazy\" decoding=\"async\" class=\"alignright size-medium wp-image-707\" src=\"http:\/\/can-ev.de\/wp-content\/uploads\/2016\/07\/IMG_3255-300x165.jpg\" alt=\"IMG_3255\" width=\"300\" height=\"165\" srcset=\"https:\/\/www.can-ev.de\/wp-content\/uploads\/2016\/07\/IMG_3255-300x165.jpg 300w, https:\/\/www.can-ev.de\/wp-content\/uploads\/2016\/07\/IMG_3255-500x276.jpg 500w, https:\/\/www.can-ev.de\/wp-content\/uploads\/2016\/07\/IMG_3255.jpg 640w\" sizes=\"auto, (max-width: 300px) 100vw, 300px\" \/><\/p>\n<p>Ziel des Spiels ist es, wie beim Fu\u00dfball, den Ball mit dem Fu\u00df ins gegnerische Tor zu schie\u00dfen. Die Spieler stecken dabei bis zu den Knien in durchsichtigen mit Luft gef\u00fcllten Plastikb\u00e4llen, die eingesetzt werden k\u00f6nnen, um die anderen Spieler umzusto\u00dfen und den Ball zu erobern. Um das Verletzungsrisiko zu mindern, sollte jeder Teilnehmer mindestens 1,50 Meter gro\u00df sein. Die aufgeblasene H\u00fclle der Bubbles verhindert dabei einen direkten K\u00f6rperkontakt und minimiert somit die Gefahr, dass sich ein Teilnehmer verletzt. Gespielt wird im Modus vier<strong>\u00a0<\/strong>gegen vier, die Spieldauer betr\u00e4gt acht Minuten. Einen festen Torwart gibt es beim Bubble Soccer nicht.<\/p>\n<p><img loading=\"lazy\" decoding=\"async\" class=\"size-medium wp-image-710 alignleft\" src=\"http:\/\/can-ev.de\/wp-content\/uploads\/2016\/07\/IMG_3220-300x137.jpg\" alt=\"IMG_3220\" width=\"300\" height=\"137\" srcset=\"https:\/\/www.can-ev.de\/wp-content\/uploads\/2016\/07\/IMG_3220-300x137.jpg 300w, https:\/\/www.can-ev.de\/wp-content\/uploads\/2016\/07\/IMG_3220-500x228.jpg 500w, https:\/\/www.can-ev.de\/wp-content\/uploads\/2016\/07\/IMG_3220.jpg 640w\" sizes=\"auto, (max-width: 300px) 100vw, 300px\" \/> <img loading=\"lazy\" decoding=\"async\" class=\"alignright size-medium wp-image-709\" src=\"http:\/\/can-ev.de\/wp-content\/uploads\/2016\/07\/IMG_3195-300x195.jpg\" alt=\"IMG_3195\" width=\"300\" height=\"195\" srcset=\"https:\/\/www.can-ev.de\/wp-content\/uploads\/2016\/07\/IMG_3195-300x195.jpg 300w, https:\/\/www.can-ev.de\/wp-content\/uploads\/2016\/07\/IMG_3195-462x300.jpg 462w, https:\/\/www.can-ev.de\/wp-content\/uploads\/2016\/07\/IMG_3195.jpg 640w\" sizes=\"auto, (max-width: 300px) 100vw, 300px\" \/> <img loading=\"lazy\" decoding=\"async\" class=\"size-medium wp-image-708 aligncenter\" src=\"http:\/\/can-ev.de\/wp-content\/uploads\/2016\/07\/IMG_3240-300x152.jpg\" alt=\"IMG_3240\" width=\"300\" height=\"152\" srcset=\"https:\/\/www.can-ev.de\/wp-content\/uploads\/2016\/07\/IMG_3240-300x152.jpg 300w, https:\/\/www.can-ev.de\/wp-content\/uploads\/2016\/07\/IMG_3240-500x254.jpg 500w, https:\/\/www.can-ev.de\/wp-content\/uploads\/2016\/07\/IMG_3240.jpg 640w\" sizes=\"auto, (max-width: 300px) 100vw, 300px\" \/> <img loading=\"lazy\" decoding=\"async\" class=\"alignright size-medium wp-image-711\" src=\"http:\/\/can-ev.de\/wp-content\/uploads\/2016\/07\/IMG_3226-300x179.jpg\" alt=\"IMG_3226\" width=\"300\" height=\"179\" srcset=\"https:\/\/www.can-ev.de\/wp-content\/uploads\/2016\/07\/IMG_3226-300x179.jpg 300w, https:\/\/www.can-ev.de\/wp-content\/uploads\/2016\/07\/IMG_3226-500x298.jpg 500w, https:\/\/www.can-ev.de\/wp-content\/uploads\/2016\/07\/IMG_3226.jpg 640w\" sizes=\"auto, (max-width: 300px) 100vw, 300px\" \/><\/p>\n<\/div>\n","protected":false},"excerpt":{"rendered":"<p>Ziel des Spiels ist es, wie beim Fu\u00dfball, den Ball mit dem Fu\u00df ins gegnerische Tor zu schie\u00dfen. Die Spieler stecken dabei bis zu den Knien in durchsichtigen mit Luft gef\u00fcllten Plastikb\u00e4llen, die eingesetzt werden k\u00f6nnen, um die anderen Spieler &hellip;<\/p>\n<p class=\"read-more\"> <a class=\"more-link\" href=\"https:\/\/www.can-ev.de\/?page_id=706\"> <span class=\"screen-reader-text\">Bubble Soccer<\/span> Read More &raquo;<\/a><\/p>\n","protected":false},"author":3,"featured_media":710,"parent":19,"menu_order":0,"comment_status":"closed","ping_status":"closed","template":"","meta":{"footnotes":""},"class_list":["post-706","page","type-page","status-publish","has-post-thumbnail","hentry"],"_links":{"self":[{"href":"https:\/\/www.can-ev.de\/index.php?rest_route=\/wp\/v2\/pages\/706","targetHints":{"allow":["GET"]}}],"collection":[{"href":"https:\/\/www.can-ev.de\/index.php?rest_route=\/wp\/v2\/pages"}],"about":[{"href":"https:\/\/www.can-ev.de\/index.php?rest_route=\/wp\/v2\/types\/page"}],"author":[{"embeddable":true,"href":"https:\/\/www.can-ev.de\/index.php?rest_route=\/wp\/v2\/users\/3"}],"replies":[{"embeddable":true,"href":"https:\/\/www.can-ev.de\/index.php?rest_route=%2Fwp%2Fv2%2Fcomments&post=706"}],"version-history":[{"count":3,"href":"https:\/\/www.can-ev.de\/index.php?rest_route=\/wp\/v2\/pages\/706\/revisions"}],"predecessor-version":[{"id":859,"href":"https:\/\/www.can-ev.de\/index.php?rest_route=\/wp\/v2\/pages\/706\/revisions\/859"}],"up":[{"embeddable":true,"href":"https:\/\/www.can-ev.de\/index.php?rest_route=\/wp\/v2\/pages\/19"}],"wp:featuredmedia":[{"embeddable":true,"href":"https:\/\/www.can-ev.de\/index.php?rest_route=\/wp\/v2\/media\/710"}],"wp:attachment":[{"href":"https:\/\/www.can-ev.de\/index.php?rest_route=%2Fwp%2Fv2%2Fmedia&parent=706"}],"curies":[{"name":"wp","href":"https:\/\/api.w.org\/{rel}","templated":true}]}}