{"id":749,"date":"2018-05-24T07:28:13","date_gmt":"2018-05-24T07:28:13","guid":{"rendered":"http:\/\/can-ev.de\/?page_id=749"},"modified":"2025-07-22T06:06:35","modified_gmt":"2025-07-22T06:06:35","slug":"piratenleiter","status":"publish","type":"page","link":"https:\/\/www.can-ev.de\/?page_id=749","title":{"rendered":"Piratenleiter"},"content":{"rendered":"\n<div class=\"wp-block-image\"><figure class=\"alignright\"><img loading=\"lazy\" decoding=\"async\" width=\"300\" height=\"154\" src=\"http:\/\/can-ev.de\/wp-content\/uploads\/2018\/05\/Piratenleiter-300x154.jpg\" alt=\"\" class=\"wp-image-750\" srcset=\"https:\/\/www.can-ev.de\/wp-content\/uploads\/2018\/05\/Piratenleiter-300x154.jpg 300w, https:\/\/www.can-ev.de\/wp-content\/uploads\/2018\/05\/Piratenleiter-500x257.jpg 500w, https:\/\/www.can-ev.de\/wp-content\/uploads\/2018\/05\/Piratenleiter.jpg 640w\" sizes=\"auto, (max-width: 300px) 100vw, 300px\" \/><\/figure><\/div>\n\n\n\n<p>Die Piratenleiter eine Menge Spa\u00df f\u00fcr Kinder bis maximal 45 kg K\u00f6pergerwicht.<\/p>\n\n\n\n<p><\/p>\n","protected":false},"excerpt":{"rendered":"<p>Die Piratenleiter eine Menge Spa\u00df f\u00fcr Kinder bis maximal 45 kg K\u00f6pergerwicht.<\/p>\n","protected":false},"author":3,"featured_media":750,"parent":0,"menu_order":0,"comment_status":"closed","ping_status":"closed","template":"","meta":{"footnotes":""},"class_list":["post-749","page","type-page","status-publish","has-post-thumbnail","hentry"],"_links":{"self":[{"href":"https:\/\/www.can-ev.de\/index.php?rest_route=\/wp\/v2\/pages\/749","targetHints":{"allow":["GET"]}}],"collection":[{"href":"https:\/\/www.can-ev.de\/index.php?rest_route=\/wp\/v2\/pages"}],"about":[{"href":"https:\/\/www.can-ev.de\/index.php?rest_route=\/wp\/v2\/types\/page"}],"author":[{"embeddable":true,"href":"https:\/\/www.can-ev.de\/index.php?rest_route=\/wp\/v2\/users\/3"}],"replies":[{"embeddable":true,"href":"https:\/\/www.can-ev.de\/index.php?rest_route=%2Fwp%2Fv2%2Fcomments&post=749"}],"version-history":[{"count":3,"href":"https:\/\/www.can-ev.de\/index.php?rest_route=\/wp\/v2\/pages\/749\/revisions"}],"predecessor-version":[{"id":1030,"href":"https:\/\/www.can-ev.de\/index.php?rest_route=\/wp\/v2\/pages\/749\/revisions\/1030"}],"wp:featuredmedia":[{"embeddable":true,"href":"https:\/\/www.can-ev.de\/index.php?rest_route=\/wp\/v2\/media\/750"}],"wp:attachment":[{"href":"https:\/\/www.can-ev.de\/index.php?rest_route=%2Fwp%2Fv2%2Fmedia&parent=749"}],"curies":[{"name":"wp","href":"https:\/\/api.w.org\/{rel}","templated":true}]}}