{"id":88,"date":"2014-03-07T20:26:27","date_gmt":"2014-03-07T20:26:27","guid":{"rendered":"http:\/\/can-ev.soloxis-web.de\/?page_id=88"},"modified":"2024-02-11T09:55:02","modified_gmt":"2024-02-11T09:55:02","slug":"soccer-court","status":"publish","type":"page","link":"https:\/\/www.can-ev.de\/?page_id=88","title":{"rendered":"Soccer Court"},"content":{"rendered":"<p><img loading=\"lazy\" decoding=\"async\" class=\"alignright size-medium wp-image-532\" src=\"http:\/\/can-ev.de\/wp-content\/uploads\/2014\/03\/IMG_1756-300x200.jpg\" alt=\"\" width=\"300\" height=\"200\" srcset=\"https:\/\/www.can-ev.de\/wp-content\/uploads\/2014\/03\/IMG_1756-300x200.jpg 300w, https:\/\/www.can-ev.de\/wp-content\/uploads\/2014\/03\/IMG_1756-1024x683.jpg 1024w, https:\/\/www.can-ev.de\/wp-content\/uploads\/2014\/03\/IMG_1756-450x300.jpg 450w\" sizes=\"auto, (max-width: 300px) 100vw, 300px\" \/><\/p>\n<p>Die 10 x 15 Meter Spielfl\u00e4che des Soccer Court bietet auf Rasen, Asphalt oder Betonfl\u00e4chen kleinen und gro\u00dfen Fu\u00dfballspielern ausreichend Platz f\u00fcr schnelle und spannende Spiele. Durch die Einz\u00e4unung bzw. durchg\u00e4ngige Umrandung des Spielfeldes ist der Ball stets im Spiel und die Spieler\/Innen m\u00fcssen pausenlos aufmerksam sein und reaktionsschnell handeln k\u00f6nnen. Beim Soccer Court werden vor allem die Kondition sowie die Konzentrationsf\u00e4higkeit und der Wettkampfcharakter angesprochen und auf die Probe gestellt.<\/p>\n\n\n<figure class=\"wp-block-image size-large is-resized\"><img loading=\"lazy\" decoding=\"async\" src=\"https:\/\/www.can-ev.de\/wp-content\/uploads\/Soccer-Cage-1024x741.jpg\" alt=\"\" class=\"wp-image-985\" width=\"410\" height=\"298\" srcset=\"https:\/\/www.can-ev.de\/wp-content\/uploads\/Soccer-Cage-1024x741.jpg 1024w, https:\/\/www.can-ev.de\/wp-content\/uploads\/Soccer-Cage-300x217.jpg 300w, https:\/\/www.can-ev.de\/wp-content\/uploads\/Soccer-Cage-150x109.jpg 150w, https:\/\/www.can-ev.de\/wp-content\/uploads\/Soccer-Cage-768x556.jpg 768w, https:\/\/www.can-ev.de\/wp-content\/uploads\/Soccer-Cage-1536x1112.jpg 1536w, https:\/\/www.can-ev.de\/wp-content\/uploads\/Soccer-Cage-2048x1482.jpg 2048w\" sizes=\"auto, (max-width: 410px) 100vw, 410px\" \/><\/figure>\n\n\n\n<p>Der Soccer Cage ist die kleine Variante des Soccer Court mit ca. 6 Meter Durchmesser. Er biete 2 mal 2 Fu\u00dfballspielern Platz f\u00fcr ein Spiel auf kleinsten Raum.<\/p>\n","protected":false},"excerpt":{"rendered":"<p>Die 10 x 15 Meter Spielfl\u00e4che des Soccer Court bietet auf Rasen, Asphalt oder Betonfl\u00e4chen kleinen und gro\u00dfen Fu\u00dfballspielern ausreichend Platz f\u00fcr schnelle und spannende Spiele. Durch die Einz\u00e4unung bzw. durchg\u00e4ngige Umrandung des Spielfeldes ist der Ball stets im Spiel &hellip;<\/p>\n<p class=\"read-more\"> <a class=\"more-link\" href=\"https:\/\/www.can-ev.de\/?page_id=88\"> <span class=\"screen-reader-text\">Soccer Court<\/span> Read More &raquo;<\/a><\/p>\n","protected":false},"author":1,"featured_media":0,"parent":19,"menu_order":0,"comment_status":"closed","ping_status":"closed","template":"","meta":{"footnotes":""},"class_list":["post-88","page","type-page","status-publish","hentry"],"_links":{"self":[{"href":"https:\/\/www.can-ev.de\/index.php?rest_route=\/wp\/v2\/pages\/88","targetHints":{"allow":["GET"]}}],"collection":[{"href":"https:\/\/www.can-ev.de\/index.php?rest_route=\/wp\/v2\/pages"}],"about":[{"href":"https:\/\/www.can-ev.de\/index.php?rest_route=\/wp\/v2\/types\/page"}],"author":[{"embeddable":true,"href":"https:\/\/www.can-ev.de\/index.php?rest_route=\/wp\/v2\/users\/1"}],"replies":[{"embeddable":true,"href":"https:\/\/www.can-ev.de\/index.php?rest_route=%2Fwp%2Fv2%2Fcomments&post=88"}],"version-history":[{"count":8,"href":"https:\/\/www.can-ev.de\/index.php?rest_route=\/wp\/v2\/pages\/88\/revisions"}],"predecessor-version":[{"id":989,"href":"https:\/\/www.can-ev.de\/index.php?rest_route=\/wp\/v2\/pages\/88\/revisions\/989"}],"up":[{"embeddable":true,"href":"https:\/\/www.can-ev.de\/index.php?rest_route=\/wp\/v2\/pages\/19"}],"wp:attachment":[{"href":"https:\/\/www.can-ev.de\/index.php?rest_route=%2Fwp%2Fv2%2Fmedia&parent=88"}],"curies":[{"name":"wp","href":"https:\/\/api.w.org\/{rel}","templated":true}]}}