{"id":90,"date":"2014-03-07T20:27:31","date_gmt":"2014-03-07T20:27:31","guid":{"rendered":"http:\/\/can-ev.soloxis-web.de\/?page_id=90"},"modified":"2019-01-23T10:55:14","modified_gmt":"2019-01-23T10:55:14","slug":"rampenparcours","status":"publish","type":"page","link":"https:\/\/www.can-ev.de\/?page_id=90","title":{"rendered":"Rampenparcours"},"content":{"rendered":"<p>Der Rampenparcours besteht aus 13 verschiedenen Elementen und kann individuell kombiniert werden. Zudem ist er schnell aufgebaut und bietet Fahrspa\u00df auf Stra\u00dfen, Pl\u00e4tzen oder Schulh\u00f6fen f\u00fcr Anf\u00e4nger und Fortgeschrittene.<\/p>\n<p>Auf Wunsch k\u00f6nnen Boards und Schutzausr\u00fcstung ebenfalls verliehen werden.<\/p>\n\n\n<figure class=\"wp-block-image\"><img loading=\"lazy\" decoding=\"async\" width=\"639\" height=\"184\" src=\"https:\/\/www.can-ev.de\/wp-content\/uploads\/2015\/01\/16.jpg\" alt=\"\" class=\"wp-image-572\" srcset=\"https:\/\/www.can-ev.de\/wp-content\/uploads\/2015\/01\/16.jpg 639w, https:\/\/www.can-ev.de\/wp-content\/uploads\/2015\/01\/16-300x86.jpg 300w, https:\/\/www.can-ev.de\/wp-content\/uploads\/2015\/01\/16-500x144.jpg 500w\" sizes=\"auto, (max-width: 639px) 100vw, 639px\" \/><\/figure>\n","protected":false},"excerpt":{"rendered":"<p>Der Rampenparcours besteht aus 13 verschiedenen Elementen und kann individuell kombiniert werden. Zudem ist er schnell aufgebaut und bietet Fahrspa\u00df auf Stra\u00dfen, Pl\u00e4tzen oder Schulh\u00f6fen f\u00fcr Anf\u00e4nger und Fortgeschrittene. Auf Wunsch k\u00f6nnen Boards und Schutzausr\u00fcstung ebenfalls verliehen werden.<\/p>\n","protected":false},"author":1,"featured_media":0,"parent":19,"menu_order":0,"comment_status":"closed","ping_status":"closed","template":"","meta":{"footnotes":""},"class_list":["post-90","page","type-page","status-publish","hentry"],"_links":{"self":[{"href":"https:\/\/www.can-ev.de\/index.php?rest_route=\/wp\/v2\/pages\/90","targetHints":{"allow":["GET"]}}],"collection":[{"href":"https:\/\/www.can-ev.de\/index.php?rest_route=\/wp\/v2\/pages"}],"about":[{"href":"https:\/\/www.can-ev.de\/index.php?rest_route=\/wp\/v2\/types\/page"}],"author":[{"embeddable":true,"href":"https:\/\/www.can-ev.de\/index.php?rest_route=\/wp\/v2\/users\/1"}],"replies":[{"embeddable":true,"href":"https:\/\/www.can-ev.de\/index.php?rest_route=%2Fwp%2Fv2%2Fcomments&post=90"}],"version-history":[{"count":6,"href":"https:\/\/www.can-ev.de\/index.php?rest_route=\/wp\/v2\/pages\/90\/revisions"}],"predecessor-version":[{"id":867,"href":"https:\/\/www.can-ev.de\/index.php?rest_route=\/wp\/v2\/pages\/90\/revisions\/867"}],"up":[{"embeddable":true,"href":"https:\/\/www.can-ev.de\/index.php?rest_route=\/wp\/v2\/pages\/19"}],"wp:attachment":[{"href":"https:\/\/www.can-ev.de\/index.php?rest_route=%2Fwp%2Fv2%2Fmedia&parent=90"}],"curies":[{"name":"wp","href":"https:\/\/api.w.org\/{rel}","templated":true}]}}